{"id":73,"date":"2022-05-07T01:22:55","date_gmt":"2022-05-07T01:22:55","guid":{"rendered":"https:\/\/nalua.in\/cartas\/?page_id=73"},"modified":"2022-05-07T02:07:12","modified_gmt":"2022-05-07T02:07:12","slug":"biblioteca-da-mae","status":"publish","type":"page","link":"https:\/\/nalua.in\/cartas\/biblioteca-da-mae\/","title":{"rendered":"Biblioteca da m\u00e3e"},"content":{"rendered":"<h3>Livros, filmes, m\u00fasicas, textos. Clique e leia, veja, ou\u00e7a<\/h3>\n<hr \/>\n<h3>Os livros<\/h3>\n<table style=\"border-collapse: collapse; width: 100%;\">\n<tbody>\n<tr>\n<td style=\"width: 14.2857%;\"><a href=\"https:\/\/nalu.in\/posts\/wp-content\/uploads\/2022\/05\/Maria-Jose-Dupre-Eramos-Seis-Colecao-Vaga-Lume.pdf\" target=\"_blank\" rel=\"noopener\"><img loading=\"lazy\" decoding=\"async\" class=\"alignleft size-large wp-image-70\" src=\"https:\/\/nalu.in\/posts\/wp-content\/uploads\/2022\/05\/eramosseis-677x1024.jpg\" alt=\"\" width=\"640\" height=\"968\" \/><\/a><\/td>\n<td style=\"width: 14.2857%;\"><a href=\"https:\/\/nalu.in\/posts\/wp-content\/uploads\/2022\/05\/A-imortalidade-Millan-Kundera.pdf\" target=\"_blank\" rel=\"noopener\"><img loading=\"lazy\" decoding=\"async\" class=\"alignleft size-full wp-image-69\" src=\"https:\/\/nalu.in\/posts\/wp-content\/uploads\/2022\/05\/568d888aab5e728742978919897f87b5.jpg\" alt=\"\" width=\"500\" height=\"733\" \/><\/a><\/td>\n<td style=\"width: 14.2857%;\"><a href=\"https:\/\/nalu.in\/posts\/wp-content\/uploads\/2022\/05\/David-Grossman-A-Mulher-Foge.pdf\" target=\"_blank\" rel=\"noopener\"><img loading=\"lazy\" decoding=\"async\" class=\"alignleft size-full wp-image-68\" src=\"https:\/\/nalu.in\/posts\/wp-content\/uploads\/2022\/05\/a-mulher-foge.jpg\" alt=\"\" width=\"452\" height=\"650\" \/><\/a><\/td>\n<td style=\"width: 14.2857%;\"><a href=\"https:\/\/nalu.in\/posts\/wp-content\/uploads\/2022\/05\/Por-favor-cuide-da-Mamae-Shin-Kyung-Sook.pdf\" target=\"_blank\" rel=\"noopener\"><img loading=\"lazy\" decoding=\"async\" class=\"alignleft size-full wp-image-67\" src=\"https:\/\/nalu.in\/posts\/wp-content\/uploads\/2022\/05\/51BVXeNvztL.jpg\" alt=\"\" width=\"316\" height=\"500\" \/><\/a><\/td>\n<td style=\"width: 14.2857%;\"><a href=\"https:\/\/nalu.in\/posts\/wp-content\/uploads\/2022\/05\/Quarto-Emma-Donoghue.pdf\" target=\"_blank\" rel=\"noopener\"><img loading=\"lazy\" decoding=\"async\" class=\"alignleft size-large wp-image-66\" src=\"https:\/\/nalu.in\/posts\/wp-content\/uploads\/2022\/05\/71ejm7vFccL-690x1024.jpg\" alt=\"\" width=\"640\" height=\"950\" \/><\/a><\/td>\n<td style=\"width: 14.2857%;\"><a href=\"https:\/\/nalu.in\/posts\/wp-content\/uploads\/2022\/05\/Cem-Anos-de-Solidao-Ilustrado-Gabriel-Garcia-Marquez.pdf\" target=\"_blank\" rel=\"noopener\"><img loading=\"lazy\" decoding=\"async\" class=\"alignleft size-large wp-image-80\" src=\"https:\/\/nalu.in\/posts\/wp-content\/uploads\/2022\/05\/cemanos-597x1024.jpg\" alt=\"\" width=\"597\" height=\"1024\" \/><\/a><\/td>\n<td style=\"width: 14.2857%;\"><a href=\"https:\/\/nalu.in\/posts\/wp-content\/uploads\/2022\/05\/Philomena-Martin-Sixsmith.pdf\" target=\"_blank\" rel=\"noopener\"><img loading=\"lazy\" decoding=\"async\" class=\"alignleft size-full wp-image-62\" src=\"https:\/\/nalu.in\/posts\/wp-content\/uploads\/2022\/05\/37d94cffab20228fab482582b7bd4773_L.jpg\" alt=\"\" width=\"600\" height=\"798\" \/><\/a><\/td>\n<\/tr>\n<\/tbody>\n<\/table>\n<h3 style=\"text-align: justify;\"><b>Os Filmes<\/b><\/h3>\n<table style=\"border-collapse: collapse; width: 100%;\">\n<tbody>\n<tr>\n<td style=\"width: 25%;\"><a href=\"https:\/\/drive.google.com\/file\/d\/1qvLs8uUVDPGGcrbFGB6BJw68hk1W3LhN\/view?usp=sharing\" target=\"_blank\" rel=\"noopener\"><img loading=\"lazy\" decoding=\"async\" class=\"wp-image-71 aligncenter\" src=\"https:\/\/nalu.in\/posts\/wp-content\/uploads\/2022\/05\/31-filme.jpg\" alt=\"\" width=\"158\" height=\"237\" \/><\/a><\/td>\n<td style=\"width: 25%;\"><a href=\"https:\/\/drive.google.com\/file\/d\/1AtL6hq3WIajMNOJ63dipwIgK58HaaNwt\/view?usp=sharing\" target=\"_blank\" rel=\"noopener\"><img loading=\"lazy\" decoding=\"async\" class=\"wp-image-66 aligncenter\" src=\"https:\/\/nalu.in\/posts\/wp-content\/uploads\/2022\/05\/71ejm7vFccL-690x1024.jpg\" alt=\"\" width=\"176\" height=\"262\" \/><\/a><\/td>\n<td style=\"width: 25%;\"><a href=\"https:\/\/drive.google.com\/file\/d\/1vfZA99I2LdcZJlm2YT7uGBKoaDZjZJZc\/view?usp=sharing\" target=\"_blank\" rel=\"noopener\"><img loading=\"lazy\" decoding=\"async\" class=\"wp-image-64 aligncenter\" src=\"https:\/\/nalu.in\/posts\/wp-content\/uploads\/2022\/05\/sonatadeoutonog-714x1024.jpg\" alt=\"\" width=\"168\" height=\"242\" \/><\/a><\/td>\n<td style=\"width: 25%;\"><a href=\"http:\/\/127.0.0.1:11470\/e1bb31a86321be5f3da1443080620967f002e759\/5\" target=\"_blank\" rel=\"noopener\"><img loading=\"lazy\" decoding=\"async\" class=\"wp-image-72 aligncenter\" src=\"https:\/\/nalu.in\/posts\/wp-content\/uploads\/2022\/05\/20370797.jpg\" alt=\"\" width=\"187\" height=\"274\" \/><\/a><\/td>\n<\/tr>\n<\/tbody>\n<\/table>\n<h3>M\u00fasicas<\/h3>\n<table style=\"width: 500px;\" border=\"1\" cellspacing=\"1\" cellpadding=\"1\">\n<tbody>\n<tr>\n<td style=\"text-align: center;\"><span style=\"font-size: 12pt;\"><a href=\"https:\/\/nalu.in\/posts\/wp-content\/uploads\/2022\/05\/Uma-cancao-desnaturada-Chico-Buarque.mp3\"><img decoding=\"async\" style=\"height: 149px; width: 150px;\" src=\"https:\/\/nalu.in\/posts\/wp-content\/uploads\/2022\/05\/operadomalandro.jpg\" alt=\"\" \/><\/a><\/span><\/p>\n<p><span style=\"font-size: 12pt;\">Uma can\u00e7\u00e3o\u00a0<\/span><span style=\"font-size: 12pt;\">desnaturada<\/span><\/td>\n<td style=\"text-align: center;\"><span style=\"font-size: 12pt;\"><a href=\"https:\/\/nalu.in\/posts\/wp-content\/uploads\/2022\/05\/GAL-COSTA-e-MARIA-BETHANIA-ORACAO-DA-MAE-MENININHA-edit_klaudio-Araujo.mp3\"><img decoding=\"async\" style=\"width: 150px; height: 150px;\" src=\"https:\/\/nalu.in\/posts\/wp-content\/uploads\/2022\/05\/ab67616d0000b273a61831adaefb3e5a5ee270aa.jpg\" alt=\"\" \/><\/a><\/span><\/p>\n<p><span style=\"font-size: 12pt;\">Ora\u00e7\u00e3o para\u00a0<\/span><span style=\"font-size: 12pt;\">m\u00e3e menininha<\/span><\/td>\n<\/tr>\n<tr>\n<td style=\"text-align: center;\"><span style=\"font-size: 12pt;\"><a href=\"https:\/\/nalu.in\/posts\/wp-content\/uploads\/2022\/05\/Clara-Nunes-Feira-de-Mangaio.mp3\"><img decoding=\"async\" style=\"height: 150px; width: 150px;\" src=\"https:\/\/nalu.in\/posts\/wp-content\/uploads\/2022\/05\/feirademangaio.jpg\" alt=\"\" \/><\/a><\/span><\/p>\n<p><span style=\"font-size: 12pt;\">Feira de\u00a0<\/span><span style=\"font-size: 12pt;\">mangaio<\/span><\/td>\n<td style=\"text-align: center;\"><span style=\"font-size: 12pt;\"><a href=\"https:\/\/nalu.in\/posts\/wp-content\/uploads\/2022\/05\/Agepe-Menina-de-Cabelos-Longos.mp3\"><img decoding=\"async\" style=\"height: 147px; width: 150px;\" src=\"https:\/\/nalu.in\/posts\/wp-content\/uploads\/2022\/05\/R-2411842-1350757696-9276.jpg\" alt=\"\" \/><\/a><\/span><\/p>\n<p><span style=\"font-size: 12pt;\">Menina de\u00a0\u00a0<\/span><span style=\"font-size: 12pt;\">cabelos longos<\/span><\/td>\n<\/tr>\n<tr>\n<td style=\"text-align: center;\"><span style=\"font-size: 12pt;\"><a href=\"https:\/\/nalu.in\/posts\/wp-content\/uploads\/2022\/05\/Sufjan-Stevens-_Death-With-Dignity_-Official-Audio.mp3\"><img decoding=\"async\" style=\"width: 150px; height: 150px;\" src=\"https:\/\/nalu.in\/posts\/wp-content\/uploads\/2022\/05\/sufjansteven.webp\" alt=\"\" \/><\/a><\/span><\/p>\n<p><span style=\"font-size: 12pt;\">Death with dignity<\/span><\/td>\n<td style=\"text-align: center;\"><span style=\"font-size: 12pt;\"><a href=\"https:\/\/nalu.in\/posts\/wp-content\/uploads\/2022\/05\/Maria-Gadu-Dona-Cila-Audio-Oficial.mp3\"><img decoding=\"async\" style=\"height: 150px; width: 150px;\" src=\"https:\/\/nalu.in\/posts\/wp-content\/uploads\/2022\/05\/donacila.jpg\" alt=\"\" \/><\/a><\/span><\/p>\n<p><span style=\"font-size: 12pt;\">Dona Cila<\/span><\/td>\n<\/tr>\n<\/tbody>\n<\/table>\n<hr \/>\n<p>&nbsp;<\/p>\n","protected":false},"excerpt":{"rendered":"<p>Livros, filmes, m\u00fasicas, textos. Clique e leia, veja, ou\u00e7a Os livros Os Filmes M\u00fasicas Uma can\u00e7\u00e3o\u00a0desnaturada Ora\u00e7\u00e3o para\u00a0m\u00e3e menininha Feira de\u00a0mangaio Menina de\u00a0\u00a0cabelos longos Death with dignity Dona Cila &nbsp;<\/p>\n","protected":false},"author":1,"featured_media":0,"parent":0,"menu_order":0,"comment_status":"closed","ping_status":"closed","template":"","meta":{"footnotes":""},"class_list":["post-73","page","type-page","status-publish","hentry","entry"],"_links":{"self":[{"href":"https:\/\/nalua.in\/cartas\/wp-json\/wp\/v2\/pages\/73","targetHints":{"allow":["GET"]}}],"collection":[{"href":"https:\/\/nalua.in\/cartas\/wp-json\/wp\/v2\/pages"}],"about":[{"href":"https:\/\/nalua.in\/cartas\/wp-json\/wp\/v2\/types\/page"}],"author":[{"embeddable":true,"href":"https:\/\/nalua.in\/cartas\/wp-json\/wp\/v2\/users\/1"}],"replies":[{"embeddable":true,"href":"https:\/\/nalua.in\/cartas\/wp-json\/wp\/v2\/comments?post=73"}],"version-history":[{"count":7,"href":"https:\/\/nalua.in\/cartas\/wp-json\/wp\/v2\/pages\/73\/revisions"}],"predecessor-version":[{"id":80,"href":"https:\/\/nalua.in\/cartas\/wp-json\/wp\/v2\/pages\/73\/revisions\/80"}],"wp:attachment":[{"href":"https:\/\/nalua.in\/cartas\/wp-json\/wp\/v2\/media?parent=73"}],"curies":[{"name":"wp","href":"https:\/\/api.w.org\/{rel}","templated":true}]}}